{"id":157,"date":"2023-08-20T16:59:56","date_gmt":"2023-08-20T16:59:56","guid":{"rendered":"https:\/\/hernu-u.co.za\/?page_id=157"},"modified":"2023-11-05T20:14:36","modified_gmt":"2023-11-05T20:14:36","slug":"wie-is-ek","status":"publish","type":"page","link":"https:\/\/hernu-u.co.za\/en\/wie-is-ek\/","title":{"rendered":"About me:"},"content":{"rendered":"<h1>\n\t\tAbout me:\n\t<\/h1>\n\t\t\t\t<img loading=\"lazy\" decoding=\"async\" src=\"https:\/\/hernu-u.co.za\/wp-content\/uploads\/2023\/08\/arrow-dark.png\" alt=\"arrow-dark\" itemprop=\"image\" height=\"17\" width=\"100\" title=\"arrow-dark\" onerror=\"this.style.display='none'\"  \/>\n<h2>\n\t\tSusan Fouch\u00e9\n\t<\/h2>\n<h3>\n\t\tPersonal Trainer\n\t<\/h3>\n\t\t\t\t<img loading=\"lazy\" decoding=\"async\" src=\"https:\/\/hernu-u.co.za\/wp-content\/uploads\/2023\/08\/arrow-dark.png\" alt=\"arrow-dark\" itemprop=\"image\" height=\"17\" width=\"100\" title=\"arrow-dark\" onerror=\"this.style.display='none'\"  \/>\n\t<p>My name is Susan Fouch\u00e9. I am a passionate personal trainer. As founder of <strong>Hernu-U<\/strong> I believe unequivocally in the ability of every person to turn their life around and renew it.<\/p>\n<p>I received my qualification as a Personal Trainer through <a href=\"https:\/\/mennohenselmans.com\"><strong><em>Menno Henselmans<\/em><\/strong><\/a> which focuses on building strength and renewing the body. The Henselmans qualification is a high-quality international fitness course based on thorough research.<\/p>\n\t\t\t<p><strong><em><a href=\"https:\/\/mennohenselmans.com\">The Henselmans PT Course<\/a> \u2013 Supported by science, tested in the trenches. <\/em><\/strong><em>It will teach you how to become an evidence-based fitness professional. All of the material in this course is supported with hyperlinks to the scientific articles<\/em><\/p>\t\t\n\t\t\t\t<img loading=\"lazy\" decoding=\"async\" src=\"https:\/\/hernu-u.co.za\/wp-content\/uploads\/2023\/09\/GOP_9233-scaled.jpg\" alt=\"GOP_9233\" itemprop=\"image\" height=\"1824\" width=\"2560\" title=\"GOP_9233\" onerror=\"this.style.display='none'\"  \/>\n\t\t\t\t<a href=\"https:\/\/mennohenselmans.com\" target=\"_blank\" rel=\"noopener\" itemprop=\"url\">\n\t\t\t\t<img loading=\"lazy\" decoding=\"async\" src=\"https:\/\/hernu-u.co.za\/wp-content\/uploads\/2023\/09\/Henselmans-Certified-PT-Badge-horizontal-crop-3.jpg\" alt=\"Henselmans Certified PT Badge horizontal crop 3\" itemprop=\"image\" height=\"428\" width=\"455\" title=\"Henselmans Certified PT Badge horizontal crop 3\" onerror=\"this.style.display='none'\"  \/>\n\t\t\t\t<\/a>\n<h2>\n\t\tMen sana in corpore sano\n\t<\/h2>\n\t\t\t\t<img loading=\"lazy\" decoding=\"async\" src=\"https:\/\/hernu-u.co.za\/wp-content\/uploads\/2023\/08\/arrow-dark.png\" alt=\"arrow-dark\" itemprop=\"image\" height=\"17\" width=\"100\" title=\"arrow-dark\" onerror=\"this.style.display='none'\"  \/>\n\t<p>I am also a qualified Pilates instructor through <strong>Trifocus Pilates<\/strong> a qualified Pilates instructor who I worked with for years on a one to one basis, specifically with clients who needed rehabilitation.<\/p>\n<p>My professional interest lies in showing people how much a healthy body is linked to a healthy mind: <strong><em>Men sana in corpore sano.<\/em><\/strong><\/p>\n<p>The body and the mind cannot be separated. The more we learn and the more we study the body, the more we realize how closely each aspect works together. How you eat, exercise, sleep as well as your stress levels all have an impact on the hormones your body secretes and therefore a direct impact on your mood and mind.<\/p>\n<p>I believe that the strength you build in your body transfers to strength in other aspects of your life. So the right form of exercise is not only good for your body, but also particularly powerful in supporting you and making you more resilient to all the challenges in your life.<\/p>\n<p>In my personal life, where the Lord has taken and carried me through times of hardship and struggle with many challenges and losses, I have learned that movement plays a key role in soul happiness and that it is one of the best pillars of &#039;<em>mental health' .<\/em>&#039; is. My own history and experience drive me to help others be healthier and happier, get stronger and realize the benefits of movement.<\/p>\n<p>Today my focus is Renewal. Through <strong>Hernu-U<\/strong> I strive to give other people a chance to make a U-turn in their lives. Physical Renewal is linked to psychological renewal. I therefore invite you to undertake this Renewal journey with me through <strong>Hernu-U.<\/strong><\/p>","protected":false},"excerpt":{"rendered":"<p>Wie is ek? Susan Fouch\u00e9 Persoonlike Afrigter My naam is Susan Fouch\u00e9. Ek is &#8216;n passievolle persoonlike afrigter. As stigter van Hernu-U glo ek onomwonde in die vermo\u00eb van elke mens om hulle lewe om te keer en te hernuwe. Ek het my Kwalifikasie as Persoonlike Afrigter ontvang deur Menno Henselmans wat fokus op die [&hellip;]<\/p>\n","protected":false},"author":1,"featured_media":0,"parent":0,"menu_order":0,"comment_status":"closed","ping_status":"closed","template":"","meta":{"site-sidebar-layout":"default","site-content-layout":"","ast-site-content-layout":"default","site-content-style":"default","site-sidebar-style":"default","ast-global-header-display":"","ast-banner-title-visibility":"","ast-main-header-display":"","ast-hfb-above-header-display":"","ast-hfb-below-header-display":"","ast-hfb-mobile-header-display":"","site-post-title":"disabled","ast-breadcrumbs-content":"","ast-featured-img":"","footer-sml-layout":"","ast-disable-related-posts":"","theme-transparent-header-meta":"","adv-header-id-meta":"","stick-header-meta":"","header-above-stick-meta":"","header-main-stick-meta":"","header-below-stick-meta":"","astra-migrate-meta-layouts":"set","ast-page-background-enabled":"default","ast-page-background-meta":{"desktop":{"background-color":"","background-image":"","background-repeat":"repeat","background-position":"center center","background-size":"auto","background-attachment":"scroll","background-type":"","background-media":"","overlay-type":"","overlay-color":"","overlay-opacity":"","overlay-gradient":""},"tablet":{"background-color":"","background-image":"","background-repeat":"repeat","background-position":"center center","background-size":"auto","background-attachment":"scroll","background-type":"","background-media":"","overlay-type":"","overlay-color":"","overlay-opacity":"","overlay-gradient":""},"mobile":{"background-color":"","background-image":"","background-repeat":"repeat","background-position":"center center","background-size":"auto","background-attachment":"scroll","background-type":"","background-media":"","overlay-type":"","overlay-color":"","overlay-opacity":"","overlay-gradient":""}},"ast-content-background-meta":{"desktop":{"background-color":"var(--ast-global-color-5)","background-image":"","background-repeat":"repeat","background-position":"center center","background-size":"auto","background-attachment":"scroll","background-type":"","background-media":"","overlay-type":"","overlay-color":"","overlay-opacity":"","overlay-gradient":""},"tablet":{"background-color":"var(--ast-global-color-5)","background-image":"","background-repeat":"repeat","background-position":"center center","background-size":"auto","background-attachment":"scroll","background-type":"","background-media":"","overlay-type":"","overlay-color":"","overlay-opacity":"","overlay-gradient":""},"mobile":{"background-color":"var(--ast-global-color-5)","background-image":"","background-repeat":"repeat","background-position":"center center","background-size":"auto","background-attachment":"scroll","background-type":"","background-media":"","overlay-type":"","overlay-color":"","overlay-opacity":"","overlay-gradient":""}},"footnotes":""},"class_list":["post-157","page","type-page","status-publish","hentry"],"_links":{"self":[{"href":"https:\/\/hernu-u.co.za\/en\/wp-json\/wp\/v2\/pages\/157","targetHints":{"allow":["GET"]}}],"collection":[{"href":"https:\/\/hernu-u.co.za\/en\/wp-json\/wp\/v2\/pages"}],"about":[{"href":"https:\/\/hernu-u.co.za\/en\/wp-json\/wp\/v2\/types\/page"}],"author":[{"embeddable":true,"href":"https:\/\/hernu-u.co.za\/en\/wp-json\/wp\/v2\/users\/1"}],"replies":[{"embeddable":true,"href":"https:\/\/hernu-u.co.za\/en\/wp-json\/wp\/v2\/comments?post=157"}],"version-history":[{"count":5,"href":"https:\/\/hernu-u.co.za\/en\/wp-json\/wp\/v2\/pages\/157\/revisions"}],"predecessor-version":[{"id":433,"href":"https:\/\/hernu-u.co.za\/en\/wp-json\/wp\/v2\/pages\/157\/revisions\/433"}],"wp:attachment":[{"href":"https:\/\/hernu-u.co.za\/en\/wp-json\/wp\/v2\/media?parent=157"}],"curies":[{"name":"wp","href":"https:\/\/api.w.org\/{rel}","templated":true}]}}